{"id":415,"date":"2018-05-26T14:40:41","date_gmt":"2018-05-26T12:40:41","guid":{"rendered":"http:\/\/neu.puettspatzen.de\/wordpress\/?page_id=415"},"modified":"2018-07-03T11:48:39","modified_gmt":"2018-07-03T09:48:39","slug":"datenschutzerklaerung","status":"publish","type":"page","link":"https:\/\/neu.puettspatzen.de\/wordpress\/?page_id=415","title":{"rendered":"Datenschutzerkl\u00e4rung"},"content":{"rendered":"\t\t<div data-elementor-type=\"wp-post\" data-elementor-id=\"415\" class=\"elementor elementor-415 elementor-bc-flex-widget\">\n\t\t\t\t\t\t<section class=\"elementor-section elementor-top-section elementor-element elementor-element-69cd2de1 elementor-section-boxed elementor-section-height-default elementor-section-height-default\" data-id=\"69cd2de1\" data-element_type=\"section\" data-e-type=\"section\">\n\t\t\t\t\t\t<div class=\"elementor-container elementor-column-gap-default\">\n\t\t\t\t\t<div class=\"elementor-column elementor-col-100 elementor-top-column elementor-element elementor-element-1962eb9f\" data-id=\"1962eb9f\" data-element_type=\"column\" data-e-type=\"column\">\n\t\t\t<div class=\"elementor-widget-wrap elementor-element-populated\">\n\t\t\t\t\t\t<div class=\"elementor-element elementor-element-66cc9327 elementor-widget elementor-widget-text-editor\" data-id=\"66cc9327\" data-element_type=\"widget\" data-e-type=\"widget\" data-widget_type=\"text-editor.default\">\n\t\t\t\t<div class=\"elementor-widget-container\">\n\t\t\t\t\t\t\t\t\t<h2>Grundlegendes<\/h2><p>Diese Datenschutzerkl\u00e4rung soll die Nutzer dieser Website \u00fcber die Art, den Umfang und den Zweck der Erhebung und Verwendung personenbezogener Daten durch den Websitebetreiber\u00a0<span style=\"font-family: Roboto, sans-serif; font-size: 14px; font-style: normal; font-variant-ligatures: normal; font-variant-caps: normal; font-weight: 400;\">http:\/\/www.p\u00fcttspatzen.de<\/span>\u00a0informieren. Zudem k\u00f6nnen sich hier auch die Mitglieder \u00fcber den Umgang mit personenbezogenen Daten informieren.<\/p><p>Der Verein KG Beckumer P\u00fcttspatzen e.V. nimmt das Thema Datenschutz sehr ernst und behandelt personenbezogenen Daten vertraulich und entsprechend der gesetzlichen Vorschriften. Da durch neue Technologien und die st\u00e4ndige Weiterentwicklung dieser Webseite \u00c4nderungen an dieser Datenschutzerkl\u00e4rung vorgenommen werden k\u00f6nnen, empfehlen wir dir sich die Datenschutzerkl\u00e4rung in regelm\u00e4\u00dfigen Abst\u00e4nden wieder durchzulesen.<\/p><p>Definitionen der verwendeten Begriffe (z.B. \u201cpersonenbezogene Daten\u201d oder \u201cVerarbeitung\u201d) findest du in Art. 4 DSGVO.<\/p><h2>Wer wir sind<\/h2><p>Die Adresse unserer Website ist: http:\/\/www.p\u00fcttspatzen.de.<\/p><p><span style=\"color: #333333; font-size: 20px; font-weight: 600;\">Welche personenbezogenen Daten wir sammeln und warum wir sie sammeln<\/span><\/p><h3 style=\"font-variant-ligatures: normal; font-variant-caps: normal; font-family: Roboto, sans-serif; font-style: normal;\">Zugriffsdaten<\/h3><p>Wir, der Websitebetreiber bzw. Seitenprovider, erheben aufgrund unseres berechtigten Interesses (s. Art. 6 Abs. 1 lit. f. DSGVO) Daten \u00fcber Zugriffe auf die Website und speichern diese als \u201eServer-Logfiles\u201c auf dem Server der Website ab. Folgende Daten werden so protokolliert:<\/p><ul><li>Besuchte Website<\/li><li>Uhrzeit zum Zeitpunkt des Zugriffes<\/li><li>Menge der gesendeten Daten in Byte<\/li><li>Quelle\/Verweis, von welchem Sie auf die Seite gelangten<\/li><li>Verwendeter Browser<\/li><li>Verwendetes Betriebssystem<\/li><li>Verwendete IP-Adresse<\/li><\/ul><p>Die Server-Logfiles werden f\u00fcr maximal 7 Tage gespeichert und anschlie\u00dfend gel\u00f6scht. Die Speicherung der Daten erfolgt aus Sicherheitsgr\u00fcnden, um z. B. Missbrauchsf\u00e4lle aufkl\u00e4ren zu k\u00f6nnen. M\u00fcssen Daten aus Beweisgr\u00fcnden aufgehoben werden, sind sie solange von der L\u00f6schung ausgenommen bis der Vorfall endg\u00fcltig gekl\u00e4rt ist.<\/p><h3 style=\"font-variant-ligatures: normal; font-variant-caps: normal; font-family: Roboto, sans-serif; font-style: normal;\">Mitgliederdaten<\/h3><p style=\"font-variant-ligatures: normal; font-variant-caps: normal; font-family: Roboto, sans-serif; font-size: 14px; font-style: normal; font-weight: 400; color: #0020b2;\">Zum Zwecke der Vereinsf\u00fchrung werden pers\u00f6nliche Daten gespeichert und verarbeitet.\u00a0<span style=\"font-family: Roboto, sans-serif; font-size: 14px; font-style: normal; font-variant-ligatures: normal; font-variant-caps: normal; font-weight: 400;\">Dazu z\u00e4hlen, Mandatsnummer, Vorname, Nachname, Adresse, Email, Telefonnummer, Kontodaten (BIC und IBAN). Um diese personenbezogenen Daten zu sch\u00fctzen sind die entsprechenden Dateien und Programme passwortgesch\u00fctzt. Au\u00dferdem ist der Personenkreis, der Zugriff auf diese Daten hat, eingeschr\u00e4nkt.\u00a0<\/span><span style=\"font-family: Roboto, sans-serif; font-size: 14px; font-style: normal; font-variant-ligatures: normal; font-variant-caps: normal; font-weight: 400;\">Zugriff auf diese Daten haben die beiden Pr\u00e4sidenten, die Schriftf\u00fchrerin und der Kassierer. Wer diese \u00c4mter aktuell bekleidet findest du im Men\u00fc unter dem Stichwort &#8222;Verein&#8220;.<\/span><\/p><p style=\"font-variant-ligatures: normal; font-variant-caps: normal; font-family: Roboto, sans-serif; font-size: 14px; font-style: normal; font-weight: 400; color: #0020b2;\"><span style=\"font-family: Roboto, sans-serif; font-size: 14px; font-style: normal; font-variant-ligatures: normal; font-variant-caps: normal; font-weight: 400;\">Nach Austritt aus dem Verein werden die Kontodaten umgehend gel\u00f6scht, die anderen oben aufgef\u00fchrten Daten werden dar\u00fcber hinaus f\u00fcr zwei weitere Jahre archiviert, bevor sie gel\u00f6scht werden.<\/span><\/p><h3>Kommentare<\/h3><p>Wenn Besucher Kommentare auf der Website schreiben, sammeln wir die Daten, die im Kommentar-Formular angezeigt werden, au\u00dferdem die IP-Adresse des Besuchers und den User-Agent-String (damit wird der Browser identifiziert), um die Erkennung von Spam zu unterst\u00fctzen.<\/p><p>Aus deiner E-Mail-Adresse kann eine anonymisierte Zeichenfolge erstellt (auch Hash genannt) und dem Gravatar-Dienst \u00fcbergeben werden, um zu pr\u00fcfen, ob du diesen benutzt. Die Datenschutzerkl\u00e4rung des Gravatar-Dienstes findest du hier: https:\/\/automattic.com\/privacy\/.<\/p><h3>Medien<\/h3><p>Fotos die auf dieser Website geladen sind enthalten keine EXIF-GPS-Daten damit niemand die Bilder herunterladen und deren Standort-Informationen extrahieren kann. Des weiteren werden Bilder und Berichte von Veranstaltungen entweder \u00f6ffentlich, oder in einem passwortgesch\u00fctzten Bereich hochladen. Wir respektieren dein Recht auf die Ver\u00f6ffentlichung deines Bildes. Bitte kontaktiere uns unter info@p\u00fcttspatzen.de wenn wir dich auf den Bildern anonymisieren sollen.<\/p><h3>Cookies<\/h3><p>Wenn du einen Kommentar auf unserer Website schreibst, kann das eine Einwilligung sein, deinen Namen, E-Mail-Adresse und Website in Cookies zu speichern. Dies ist eine Komfortfunktion, damit du nicht, wenn du einen weiteren Kommentar schreibst, all diese Daten erneut eingeben musst. Diese Cookies werden ein Jahr lang gespeichert.<\/p><p>Wenn du einen Artikel bearbeitest oder ver\u00f6ffentlichst, wird ein zus\u00e4tzlicher Cookie in deinem Browser gespeichert. Dieser Cookie enth\u00e4lt keine personenbezogenen Daten und verweist nur auf die Beitrags-ID des Artikels, den du gerade bearbeitet hast. Der Cookie verf\u00e4llt nach einem Tag.<\/p><h3>Eingebettete Inhalte von anderen Websites<\/h3><p>Beitr\u00e4ge auf dieser Website k\u00f6nnen eingebettete Inhalte beinhalten (z.\u00a0B. Videos, Bilder, Beitr\u00e4ge etc.). Eingebettete Inhalte von anderen Websites verhalten sich exakt so, als ob der Besucher die andere Website besucht h\u00e4tte.<\/p><p>Diese Websites k\u00f6nnen Daten \u00fcber dich sammeln, Cookies benutzen, zus\u00e4tzliche Tracking-Dienste von Dritten einbetten und deine Interaktion mit diesem eingebetteten Inhalt aufzeichnen, inklusive deiner Interaktion mit dem eingebetteten Inhalt, falls du ein Konto hast und auf dieser Website angemeldet bist.<\/p><h2>Mit wem wir deine Daten teilen und wie lange wir deine Daten speichern<\/h2><p>Wenn du einen Kommentar schreibst, wird dieser inklusive Metadaten zeitlich unbegrenzt gespeichert. Auf diese Art k\u00f6nnen wir Folgekommentare automatisch erkennen und freigeben, anstelle sie in einer Moderations-Warteschlange festzuhalten.<\/p><h2>Welche Rechte du an deinen Daten hast<\/h2><p>Du hast als Nutzer das Recht, auf Antrag eine kostenlose Auskunft dar\u00fcber zu erhalten, welche personenbezogenen Daten \u00fcber dich gespeichert wurden. Du hast au\u00dferdem das Recht auf Berichtigung falscher Daten und auf die Verarbeitungseinschr\u00e4nkung oder L\u00f6schung deiner personenbezogenen Daten. Falls zutreffend, kannst du auch dein Recht auf Datenportabilit\u00e4t geltend machen. Solltest du annehmen, dass deine Daten unrechtm\u00e4\u00dfig verarbeitet wurden, kannst du eine Beschwerde bei der zust\u00e4ndigen Aufsichtsbeh\u00f6rde einreichen.<\/p><h2>L\u00f6sung von Daten<\/h2><p>Sofern dein Wunsch nicht mit einer gesetzlichen Pflicht zur Aufbewahrung von Daten (z. B. Vorratsdatenspeicherung) kollidiert, hast du ein Anrecht auf L\u00f6schung deiner Daten. Von uns gespeicherte Daten werden, sollten sie f\u00fcr ihre Zweckbestimmung nicht mehr vonn\u00f6ten sein und es keine gesetzlichen Aufbewahrungsfristen geben, gel\u00f6scht. Falls eine L\u00f6schung nicht durchgef\u00fchrt werden kann, da die Daten f\u00fcr zul\u00e4ssige gesetzliche Zwecke erforderlich sind, erfolgt eine Einschr\u00e4nkung der Datenverarbeitung. In diesem Fall werden die Daten gesperrt und nicht f\u00fcr andere Zwecke verarbeitet.<\/p><h2>Wohin wir deine Daten senden<\/h2><p>Wir respektieren dein Recht auf Schutz personenbezogener Daten. Deine Daten werden nicht automatisiert weitergegeben.<\/p><h2>Widerspruchsrecht<\/h2><p>Nutzer dieser Webseite k\u00f6nnen von ihrem Widerspruchsrecht Gebrauch machen und der Verarbeitung ihrer personenbezogenen Daten zu jeder Zeit widersprechen.<\/p><p>Wenn du eine Berichtigung, Sperrung, L\u00f6schung oder Auskunft \u00fcber die zu deiner Person gespeicherten personenbezogenen Daten w\u00fcnschst oder Fragen bzgl. der Erhebung, Verarbeitung oder Verwendung deiner personenbezogenen Daten hast oder erteilte Einwilligungen widerrufen m\u00f6chtest, wende dich bitte an folgende E-Mail-Adresse: DSGVO@puettspatzen.de<\/p>\t\t\t\t\t\t\t\t<\/div>\n\t\t\t\t<\/div>\n\t\t\t\t\t<\/div>\n\t\t<\/div>\n\t\t\t\t\t<\/div>\n\t\t<\/section>\n\t\t\t\t<\/div>\n\t\t","protected":false},"excerpt":{"rendered":"<p>Grundlegendes Diese Datenschutzerkl\u00e4rung soll die Nutzer dieser Website \u00fcber die Art, den Umfang und den Zweck der Erhebung und Verwendung personenbezogener Daten durch den Websitebetreiber\u00a0http:\/\/www.p\u00fcttspatzen.de\u00a0informieren. Zudem k\u00f6nnen sich hier auch die Mitglieder \u00fcber den Umgang mit personenbezogenen Daten informieren. Der Verein KG Beckumer P\u00fcttspatzen e.V. nimmt das Thema Datenschutz sehr ernst und behandelt personenbezogenen Daten [&hellip;]<\/p>\n","protected":false},"author":1,"featured_media":0,"parent":0,"menu_order":0,"comment_status":"closed","ping_status":"closed","template":"","meta":{"site-sidebar-layout":"default","site-content-layout":"","ast-site-content-layout":"default","site-content-style":"default","site-sidebar-style":"default","ast-global-header-display":"","ast-banner-title-visibility":"","ast-main-header-display":"","ast-hfb-above-header-display":"","ast-hfb-below-header-display":"","ast-hfb-mobile-header-display":"","site-post-title":"","ast-breadcrumbs-content":"","ast-featured-img":"","footer-sml-layout":"","ast-disable-related-posts":"","theme-transparent-header-meta":"","adv-header-id-meta":"","stick-header-meta":"","header-above-stick-meta":"","header-main-stick-meta":"","header-below-stick-meta":"","astra-migrate-meta-layouts":"default","ast-page-background-enabled":"default","ast-page-background-meta":{"desktop":{"background-color":"","background-image":"","background-repeat":"repeat","background-position":"center center","background-size":"auto","background-attachment":"scroll","background-type":"","background-media":"","overlay-type":"","overlay-color":"","overlay-opacity":"","overlay-gradient":""},"tablet":{"background-color":"","background-image":"","background-repeat":"repeat","background-position":"center center","background-size":"auto","background-attachment":"scroll","background-type":"","background-media":"","overlay-type":"","overlay-color":"","overlay-opacity":"","overlay-gradient":""},"mobile":{"background-color":"","background-image":"","background-repeat":"repeat","background-position":"center center","background-size":"auto","background-attachment":"scroll","background-type":"","background-media":"","overlay-type":"","overlay-color":"","overlay-opacity":"","overlay-gradient":""}},"ast-content-background-meta":{"desktop":{"background-color":"var(--ast-global-color-5)","background-image":"","background-repeat":"repeat","background-position":"center center","background-size":"auto","background-attachment":"scroll","background-type":"","background-media":"","overlay-type":"","overlay-color":"","overlay-opacity":"","overlay-gradient":""},"tablet":{"background-color":"var(--ast-global-color-5)","background-image":"","background-repeat":"repeat","background-position":"center center","background-size":"auto","background-attachment":"scroll","background-type":"","background-media":"","overlay-type":"","overlay-color":"","overlay-opacity":"","overlay-gradient":""},"mobile":{"background-color":"var(--ast-global-color-5)","background-image":"","background-repeat":"repeat","background-position":"center center","background-size":"auto","background-attachment":"scroll","background-type":"","background-media":"","overlay-type":"","overlay-color":"","overlay-opacity":"","overlay-gradient":""}},"footnotes":""},"class_list":["post-415","page","type-page","status-publish","hentry"],"_links":{"self":[{"href":"https:\/\/neu.puettspatzen.de\/wordpress\/index.php?rest_route=\/wp\/v2\/pages\/415","targetHints":{"allow":["GET"]}}],"collection":[{"href":"https:\/\/neu.puettspatzen.de\/wordpress\/index.php?rest_route=\/wp\/v2\/pages"}],"about":[{"href":"https:\/\/neu.puettspatzen.de\/wordpress\/index.php?rest_route=\/wp\/v2\/types\/page"}],"author":[{"embeddable":true,"href":"https:\/\/neu.puettspatzen.de\/wordpress\/index.php?rest_route=\/wp\/v2\/users\/1"}],"replies":[{"embeddable":true,"href":"https:\/\/neu.puettspatzen.de\/wordpress\/index.php?rest_route=%2Fwp%2Fv2%2Fcomments&post=415"}],"version-history":[{"count":11,"href":"https:\/\/neu.puettspatzen.de\/wordpress\/index.php?rest_route=\/wp\/v2\/pages\/415\/revisions"}],"predecessor-version":[{"id":905,"href":"https:\/\/neu.puettspatzen.de\/wordpress\/index.php?rest_route=\/wp\/v2\/pages\/415\/revisions\/905"}],"wp:attachment":[{"href":"https:\/\/neu.puettspatzen.de\/wordpress\/index.php?rest_route=%2Fwp%2Fv2%2Fmedia&parent=415"}],"curies":[{"name":"wp","href":"https:\/\/api.w.org\/{rel}","templated":true}]}}