{"id":58,"date":"2018-05-17T17:38:27","date_gmt":"2018-05-17T15:38:27","guid":{"rendered":"http:\/\/neu.puettspatzen.de\/wordpress\/?page_id=58"},"modified":"2023-04-18T16:51:31","modified_gmt":"2023-04-18T14:51:31","slug":"impressum","status":"publish","type":"page","link":"https:\/\/neu.puettspatzen.de\/wordpress\/?page_id=58","title":{"rendered":"Impressum"},"content":{"rendered":"\t\t<div data-elementor-type=\"wp-post\" data-elementor-id=\"58\" class=\"elementor elementor-58\">\n\t\t\t\t\t\t<section class=\"elementor-section elementor-top-section elementor-element elementor-element-2a8334f6 elementor-section-boxed elementor-section-height-default elementor-section-height-default\" data-id=\"2a8334f6\" data-element_type=\"section\" data-e-type=\"section\">\n\t\t\t\t\t\t<div class=\"elementor-container elementor-column-gap-default\">\n\t\t\t\t\t<div class=\"elementor-column elementor-col-100 elementor-top-column elementor-element elementor-element-c395ef1\" data-id=\"c395ef1\" data-element_type=\"column\" data-e-type=\"column\">\n\t\t\t<div class=\"elementor-widget-wrap elementor-element-populated\">\n\t\t\t\t\t\t<div class=\"elementor-element elementor-element-56aec631 elementor-widget elementor-widget-text-editor\" data-id=\"56aec631\" data-element_type=\"widget\" data-e-type=\"widget\" data-widget_type=\"text-editor.default\">\n\t\t\t\t<div class=\"elementor-widget-container\">\n\t\t\t\t\t\t\t\t\t<table border=\"0\" width=\"1005\" cellspacing=\"0\" cellpadding=\"0\"><tbody><tr align=\"LEFT\" valign=\"TOP\"><td width=\"801\"><p><strong>KG Beckumer P\u00fcttspatzen e.V.<br \/><\/strong>Lippweg 100<br \/>59269 Beckum<br \/><strong><br \/>Telefon:<\/strong>\u00a0+49 (0)160 \/ 97797761<br \/><strong>E-Mail<\/strong>: news@Puettspatzen.de<br \/><strong><br \/>Gemeinschaftlich vertretungsbefugt:<br \/>Pr\u00e4sident: J\u00f6rg Olbirch<br \/><\/strong>Lippweg 100<br \/>59269 Beckum<br \/><strong>Telefon:<\/strong> +49 (0)160 \/ 97797761<br \/><strong>E-Mail<\/strong>: Joerg.Olbrich@Puettspatzen.de<br \/><span style=\"font-size: 14px;\"><br \/><b>Pr\u00e4sident: Thomas Erdt<br \/><\/b><\/span>Sonnenstra\u00dfe 6<br \/>59269 Beckum<br \/><strong style=\"font-size: 14px;\">Telefon:<\/strong><span style=\"font-size: 14px;\">\u00a0+49 (0)2521 \/ 82 54 54<br \/><\/span><strong style=\"font-size: 14px;\">E-Mail<\/strong><span style=\"font-size: 14px;\">: Thomas.Erdt@Puettspatzen.de<br \/><\/span><span style=\"font-size: 14px;\"><br \/><b>Schriftf\u00fchrerin: Anke Stallmeister<br \/><\/b><\/span>Meisenstra\u00dfe 6<br \/>59269 Beckum<br \/><strong style=\"font-size: 14px;\">Telefon:<\/strong><span style=\"font-size: 14px;\"> +49 (0)152 \/ 54770400<br \/><\/span><strong style=\"font-size: 14px;\">E-Mail<\/strong><span style=\"font-size: 14px;\">: Anke.Stallmeister@Puettspatzen.de<\/span><\/p><p><strong style=\"font-size: 14px;\">Das Impressum gilt f\u00fcr:\u00a0<\/strong><span style=\"font-size: 14px;\">http:\/\/www.p\u00fcttspatzen.de<br \/><\/span><span style=\"font-size: 14px;\"><br \/><b>Eingereicht \u00fcber das Registeramt Beckum, eingetragen im\u00a0<\/b><\/span><span style=\"font-size: 14px;\"><b>Registergericht<\/b><\/span><span style=\"font-size: 14px;\">:\u00a0<\/span><span style=\"font-size: 14px;\"><strong>M\u00fcnster<\/strong><\/span><\/p><p><span style=\"font-size: 14px;\">Gerichtsstra\u00dfe 2-6<br \/>48149 M\u00fcnster<\/span><\/p><p><span style=\"font-size: 14px;\">\u00a0<\/span><strong style=\"font-size: 14px;\">Registernummer<\/strong><span style=\"font-size: 14px;\">:\u00a0Registerblatt VR\u00a070461<br \/><\/span><span style=\"font-size: 14px;\"><br \/><b>Umsatzsteuer-Identifikationsnummer gem. \u00a7 27 a Umsatzsteuergesetz<\/b><\/span><span style=\"font-size: 14px;\">: nicht relevant<br \/><\/span><strong style=\"font-size: 14px;\">Wirtschaftsidentifikationsnummer gem. \u00a7 139 c Abgabenordnung<\/strong><span style=\"font-size: 14px;\">: nicht relevant<br \/><\/span><span style=\"font-size: 14px;\"><br \/><b>Verantwortliche i.S.d. \u00a7 55 Abs. 2 RStV<\/b><\/span><span style=\"font-size: 14px;\">: J\u00f6rg Olbrich, Lippweg 100, 59269 Beckum<br \/><\/span><span style=\"font-size: 14px;\"><br \/><b>WICHTIGER HINWEIS:<\/b><\/span><span style=\"font-size: 14px;\"> Mit Urteil vom 12. Mai 1998 hat das Landgericht Hamburg entschieden, dass man durch die Anbringung eines Links die Inhalte der gelinkten Seite ggf. mit zu verantworten hat. Dies kann &#8211; so das LG &#8211; nur dadurch verhindert werden, dass man sich ausdr\u00fccklich von diesen Inhalten distanziert. Wir haben auf unserer Homepage Links zu anderen Seiten im Internet gelegt. F\u00fcr all diese Links gilt: Wir m\u00f6chten ausdr\u00fccklich betonen, dass wir keinerlei Einfluss auf die Gestaltung und die Inhalte der gelinkten Seiten haben. Deshalb distanzieren wir uns hiermit ausdr\u00fccklich von allen Inhalten aller gelinkten Seiten auf dieser Homepage. Diese Erkl\u00e4rung gilt f\u00fcr alle auf unserer Homepage ausgebrachten Links und f\u00fcr alle Inhalte der Seiten, zu denen die Banner f\u00fchren.<\/span><\/p><\/td><\/tr><\/tbody><\/table>\t\t\t\t\t\t\t\t<\/div>\n\t\t\t\t<\/div>\n\t\t\t\t\t<\/div>\n\t\t<\/div>\n\t\t\t\t\t<\/div>\n\t\t<\/section>\n\t\t\t\t<\/div>\n\t\t","protected":false},"excerpt":{"rendered":"<p>KG Beckumer P\u00fcttspatzen e.V.Lippweg 10059269 BeckumTelefon:\u00a0+49 (0)160 \/ 97797761E-Mail: news@Puettspatzen.deGemeinschaftlich vertretungsbefugt:Pr\u00e4sident: J\u00f6rg OlbirchLippweg 10059269 BeckumTelefon: +49 (0)160 \/ 97797761E-Mail: Joerg.Olbrich@Puettspatzen.de Pr\u00e4sident: Thomas ErdtSonnenstra\u00dfe 659269 BeckumTelefon:\u00a0+49 (0)2521 \/ 82 54 54E-Mail: Thomas.Erdt@Puettspatzen.de Schriftf\u00fchrerin: Anke StallmeisterMeisenstra\u00dfe 659269 BeckumTelefon: +49 (0)152 \/ 54770400E-Mail: Anke.Stallmeister@Puettspatzen.de Das Impressum gilt f\u00fcr:\u00a0http:\/\/www.p\u00fcttspatzen.de Eingereicht \u00fcber das Registeramt Beckum, eingetragen im\u00a0Registergericht:\u00a0M\u00fcnster Gerichtsstra\u00dfe 2-648149 M\u00fcnster [&hellip;]<\/p>\n","protected":false},"author":1,"featured_media":0,"parent":0,"menu_order":0,"comment_status":"closed","ping_status":"closed","template":"","meta":{"site-sidebar-layout":"default","site-content-layout":"","ast-site-content-layout":"default","site-content-style":"default","site-sidebar-style":"default","ast-global-header-display":"","ast-banner-title-visibility":"","ast-main-header-display":"","ast-hfb-above-header-display":"","ast-hfb-below-header-display":"","ast-hfb-mobile-header-display":"","site-post-title":"","ast-breadcrumbs-content":"","ast-featured-img":"","footer-sml-layout":"","ast-disable-related-posts":"","theme-transparent-header-meta":"","adv-header-id-meta":"","stick-header-meta":"","header-above-stick-meta":"","header-main-stick-meta":"","header-below-stick-meta":"","astra-migrate-meta-layouts":"default","ast-page-background-enabled":"default","ast-page-background-meta":{"desktop":{"background-color":"","background-image":"","background-repeat":"repeat","background-position":"center center","background-size":"auto","background-attachment":"scroll","background-type":"","background-media":"","overlay-type":"","overlay-color":"","overlay-opacity":"","overlay-gradient":""},"tablet":{"background-color":"","background-image":"","background-repeat":"repeat","background-position":"center center","background-size":"auto","background-attachment":"scroll","background-type":"","background-media":"","overlay-type":"","overlay-color":"","overlay-opacity":"","overlay-gradient":""},"mobile":{"background-color":"","background-image":"","background-repeat":"repeat","background-position":"center center","background-size":"auto","background-attachment":"scroll","background-type":"","background-media":"","overlay-type":"","overlay-color":"","overlay-opacity":"","overlay-gradient":""}},"ast-content-background-meta":{"desktop":{"background-color":"var(--ast-global-color-5)","background-image":"","background-repeat":"repeat","background-position":"center center","background-size":"auto","background-attachment":"scroll","background-type":"","background-media":"","overlay-type":"","overlay-color":"","overlay-opacity":"","overlay-gradient":""},"tablet":{"background-color":"var(--ast-global-color-5)","background-image":"","background-repeat":"repeat","background-position":"center center","background-size":"auto","background-attachment":"scroll","background-type":"","background-media":"","overlay-type":"","overlay-color":"","overlay-opacity":"","overlay-gradient":""},"mobile":{"background-color":"var(--ast-global-color-5)","background-image":"","background-repeat":"repeat","background-position":"center center","background-size":"auto","background-attachment":"scroll","background-type":"","background-media":"","overlay-type":"","overlay-color":"","overlay-opacity":"","overlay-gradient":""}},"footnotes":""},"class_list":["post-58","page","type-page","status-publish","hentry"],"_links":{"self":[{"href":"https:\/\/neu.puettspatzen.de\/wordpress\/index.php?rest_route=\/wp\/v2\/pages\/58","targetHints":{"allow":["GET"]}}],"collection":[{"href":"https:\/\/neu.puettspatzen.de\/wordpress\/index.php?rest_route=\/wp\/v2\/pages"}],"about":[{"href":"https:\/\/neu.puettspatzen.de\/wordpress\/index.php?rest_route=\/wp\/v2\/types\/page"}],"author":[{"embeddable":true,"href":"https:\/\/neu.puettspatzen.de\/wordpress\/index.php?rest_route=\/wp\/v2\/users\/1"}],"replies":[{"embeddable":true,"href":"https:\/\/neu.puettspatzen.de\/wordpress\/index.php?rest_route=%2Fwp%2Fv2%2Fcomments&post=58"}],"version-history":[{"count":19,"href":"https:\/\/neu.puettspatzen.de\/wordpress\/index.php?rest_route=\/wp\/v2\/pages\/58\/revisions"}],"predecessor-version":[{"id":1454,"href":"https:\/\/neu.puettspatzen.de\/wordpress\/index.php?rest_route=\/wp\/v2\/pages\/58\/revisions\/1454"}],"wp:attachment":[{"href":"https:\/\/neu.puettspatzen.de\/wordpress\/index.php?rest_route=%2Fwp%2Fv2%2Fmedia&parent=58"}],"curies":[{"name":"wp","href":"https:\/\/api.w.org\/{rel}","templated":true}]}}